{"id":1339,"date":"2019-08-14T09:39:53","date_gmt":"2019-08-14T07:39:53","guid":{"rendered":"https:\/\/sonnenallee.sma.de\/impressum\/"},"modified":"2025-09-05T16:33:13","modified_gmt":"2025-09-05T14:33:13","slug":"impressum","status":"publish","type":"page","link":"https:\/\/sonnenallee.sma.de\/en\/impressum\/","title":{"rendered":"Impressum"},"content":{"rendered":"<p><strong>SMA Solar Technology AG<\/strong><br \/>Sonnenallee 1<br \/>34266 Niestetal<br \/>Germany<\/p>\n<p>Telefon: +49 561 95 22-0<\/p>\n<p><strong><a href=\"mailto:info@SMA.de\">info@SMA.de<\/a><\/strong><br \/><strong><a href=\"https:\/\/www.sma.de\/\">www.SMA.de<\/a><\/strong><\/p>\n<p><strong>Managing Board:<\/strong><br \/>Dr.-Ing. J\u00fcrgen Reinert (Chairman of the Managing Board)<br \/>Olaf Heyden<br \/>Dr. Kaveh Rouhi<\/p>\n<p><strong>Shareholder Representatives:<\/strong><br \/>Constanze Hufenbecher<br \/>Uwe Kleinkauf (Deputy Chairman)<br \/>Dr. Ralph L\u00e4ssig (Chairman)<br \/>Ilonka Nussbaumer<br \/>Dr. Frank Possel-D\u00f6lken<br \/>Jan-Henrik Supady<\/p>\n<p><strong>Employee Representatives:<\/strong><br \/>Martin Breul<br \/>Oliver Dietzel<br \/>Romy Siegert<br \/>Lidia Thelemann<br \/>Dr. Matthias Victor<br \/>J\u00f6rg Wienand<\/p>\n<p><strong>Register Court:<\/strong><br \/>District court Kassel, registration number: HRB 3972<br \/>Value-added tax identification number in accordance with Article 27 a of the German Value-Added Tax Act: DE 113 085 954<br \/>WEEE-Reg.Nr. DE 95881150<\/p>\n<p>All information on the SMA websites are copyright protected. An express written permission to copy or process, alter and\/or forward the material against payment has to be obtained from SMA in advance. The information provided is intended only for your personal information and does not include binding warranties or guarantees. It is subject to change without notice both in technical and commercial terms (incl. prices). We shall only make binding commitments upon receipt of concrete inquiries. Due to these non-binding terms, any liability for correctness of the information is excluded.<\/p>\n<p><strong>Liability notice<\/strong><br \/>On the SMA websites, you will also find links to other websites part of which is not operated by SMA, but rather by third parties. These links only provide further details. SMA is not responsible for the contents of these websites and cannot be held liable for them. These external websites could be copyrighted material as well. Use of the SMA web pages is your own responsibility. SMA Solar Technology AG shall not be held liable for any damage resulting from the use of these websites, especially plant interruption, lost profits, loss of information and data or consequential damage due to deficiencies unless SMA Solar Technology AG is to be held liable according to the law on product liability or in case of intent, gross negligence, the lack of guaranteed characteristics or due to the violation of essential contractual obligations. Compensation in damages due to the violation of essential contractual obligations is, however, limited to predictable damage typical for the nature of the contract as far as no intent or gross negligence were involved.<\/p>\n<p><strong>Scope of application:<\/strong><br \/>In addition to <a href=\"http:\/\/www.sma.de\">www.sma.de<\/a>, this imprint also applies to our profile on\u00a0<a href=\"https:\/\/eur02.safelinks.protection.outlook.com\/?url=https%3A%2F%2Fwww.facebook.com%2FSMASolarTechnology&amp;data=05%7C01%7CMichael.Kleim%40sma.de%7C1301b1a5a0c443e3ac8208db6be9fc4b%7Ca059b96c28294d1188374cc1ff84735d%7C0%7C0%7C638222424958901348%7CUnknown%7CTWFpbGZsb3d8eyJWIjoiMC4wLjAwMDAiLCJQIjoiV2luMzIiLCJBTiI6Ik1haWwiLCJXVCI6Mn0%3D%7C3000%7C%7C%7C&amp;sdata=t8LKH4OqX9acevQoCcpRCe9ENVD9o%2Bq9se6zWO1DOlY%3D&amp;reserved=0\" target=\"_blank\" rel=\"noopener\">Facebook<\/a>,\u00a0<a href=\"https:\/\/eur02.safelinks.protection.outlook.com\/?url=https%3A%2F%2Fwww.linkedin.com%2Fcompany%2Fsma-solar-technology-ag&amp;data=05%7C01%7CMichael.Kleim%40sma.de%7C1301b1a5a0c443e3ac8208db6be9fc4b%7Ca059b96c28294d1188374cc1ff84735d%7C0%7C0%7C638222424958901348%7CUnknown%7CTWFpbGZsb3d8eyJWIjoiMC4wLjAwMDAiLCJQIjoiV2luMzIiLCJBTiI6Ik1haWwiLCJXVCI6Mn0%3D%7C3000%7C%7C%7C&amp;sdata=gp%2BEUq2krBh2kEmjwO0MPH0ZUsUnfhrSdv5XAfSIPGc%3D&amp;reserved=0\" target=\"_blank\" rel=\"noopener\">LinkedIn<\/a>,\u00a0<a href=\"https:\/\/eur02.safelinks.protection.outlook.com\/?url=https%3A%2F%2Fwww.linkedin.com%2Fcompany%2Fsma-solar-technology-ag&amp;data=05%7C01%7CMichael.Kleim%40sma.de%7C1301b1a5a0c443e3ac8208db6be9fc4b%7Ca059b96c28294d1188374cc1ff84735d%7C0%7C0%7C638222424958901348%7CUnknown%7CTWFpbGZsb3d8eyJWIjoiMC4wLjAwMDAiLCJQIjoiV2luMzIiLCJBTiI6Ik1haWwiLCJXVCI6Mn0%3D%7C3000%7C%7C%7C&amp;sdata=gp%2BEUq2krBh2kEmjwO0MPH0ZUsUnfhrSdv5XAfSIPGc%3D&amp;reserved=0\" target=\"_blank\" rel=\"noopener\">Instagram<\/a>, our\u00a0<a href=\"https:\/\/eur02.safelinks.protection.outlook.com\/?url=https%3A%2F%2Fwww.youtube.com%2Fuser%2Fsmasolartechnology&amp;data=05%7C01%7CMichael.Kleim%40sma.de%7C1301b1a5a0c443e3ac8208db6be9fc4b%7Ca059b96c28294d1188374cc1ff84735d%7C0%7C0%7C638222424958901348%7CUnknown%7CTWFpbGZsb3d8eyJWIjoiMC4wLjAwMDAiLCJQIjoiV2luMzIiLCJBTiI6Ik1haWwiLCJXVCI6Mn0%3D%7C3000%7C%7C%7C&amp;sdata=DsQOUXVqEX%2FJMdHb5aDbl9XprkNG%2FW3JPiHcqpp2Tbg%3D&amp;reserved=0\" target=\"_blank\" rel=\"noopener\">YouTube-channel<\/a>, our\u00a0<a href=\"https:\/\/eur02.safelinks.protection.outlook.com\/?url=https%3A%2F%2Fwww.xing.com%2Fpages%2Fsmasolartechnologyag&amp;data=05%7C01%7CMichael.Kleim%40sma.de%7C1301b1a5a0c443e3ac8208db6be9fc4b%7Ca059b96c28294d1188374cc1ff84735d%7C0%7C0%7C638222424958901348%7CUnknown%7CTWFpbGZsb3d8eyJWIjoiMC4wLjAwMDAiLCJQIjoiV2luMzIiLCJBTiI6Ik1haWwiLCJXVCI6Mn0%3D%7C3000%7C%7C%7C&amp;sdata=tC4%2FeaSYgMYY%2BADEaJ0LdZjGctUXZ9ZEebdkVlwlf4o%3D&amp;reserved=0\" target=\"_blank\" rel=\"noopener\">XING presence<\/a>\u00a0and our\u00a0<a href=\"https:\/\/eur02.safelinks.protection.outlook.com\/?url=https%3A%2F%2Fwww.kununu.com%2Fde%2Fsma-solar-technology&amp;data=05%7C01%7CMichael.Kleim%40sma.de%7C1301b1a5a0c443e3ac8208db6be9fc4b%7Ca059b96c28294d1188374cc1ff84735d%7C0%7C0%7C638222424958901348%7CUnknown%7CTWFpbGZsb3d8eyJWIjoiMC4wLjAwMDAiLCJQIjoiV2luMzIiLCJBTiI6Ik1haWwiLCJXVCI6Mn0%3D%7C3000%7C%7C%7C&amp;sdata=gKeIFPm4Y6PKYgq0azlRUYXSEOXQkUMnF%2BknrktRPbc%3D&amp;reserved=0\" target=\"_blank\" rel=\"noopener\">kununu page<\/a>.<\/p>\n\n\n<p><\/p>\n","protected":false},"excerpt":{"rendered":"<p>SMA Solar Technology AGSonnenallee 134266 NiestetalGermany Telefon: +49 561 95 22-0 info@SMA.dewww.SMA.de Managing Board:Dr.-Ing. J\u00fcrgen Reinert (Chairman of the Managing Board)Olaf HeydenDr. Kaveh Rouhi Shareholder Representatives:Constanze HufenbecherUwe Kleinkauf (Deputy Chairman)Dr. Ralph L\u00e4ssig (Chairman)Ilonka NussbaumerDr. Frank Possel-D\u00f6lkenJan-Henrik Supady Employee Representatives:Martin BreulOliver DietzelRomy SiegertLidia ThelemannDr. Matthias VictorJ\u00f6rg Wienand Register Court:District court Kassel, registration number: HRB 3972Value-added tax [&hellip;]<\/p>\n","protected":false},"author":1,"featured_media":0,"parent":0,"menu_order":0,"comment_status":"closed","ping_status":"closed","template":"","meta":{"_acf_changed":false,"footnotes":"","beyondwords_generate_audio":"","beyondwords_project_id":"","beyondwords_content_id":"","beyondwords_preview_token":"","beyondwords_player_content":"","beyondwords_player_style":"","beyondwords_language_code":"","beyondwords_language_id":"","beyondwords_title_voice_id":"","beyondwords_body_voice_id":"","beyondwords_summary_voice_id":"","beyondwords_error_message":"","beyondwords_disabled":"","beyondwords_delete_content":"","beyondwords_podcast_id":"","beyondwords_hash":"","publish_post_to_speechkit":"","speechkit_hash":"","speechkit_generate_audio":"","speechkit_project_id":"","speechkit_podcast_id":"","speechkit_error_message":"","speechkit_disabled":"","speechkit_access_key":"","speechkit_error":"","speechkit_info":"","speechkit_response":"","speechkit_retries":"","speechkit_status":"","speechkit_updated_at":"","_speechkit_link":"","_speechkit_text":""},"class_list":["post-1339","page","type-page","status-publish","hentry"],"acf":[],"yoast_head":"<!-- This site is optimized with the Yoast SEO plugin v25.1 - https:\/\/yoast.com\/wordpress\/plugins\/seo\/ -->\n<title>Impressum - Sonnenallee<\/title>\n<meta name=\"robots\" content=\"index, follow, max-snippet:-1, max-image-preview:large, max-video-preview:-1\" \/>\n<link rel=\"canonical\" href=\"https:\/\/sonnenallee.sma.de\/en\/impressum\/\" \/>\n<meta property=\"og:locale\" content=\"en_US\" \/>\n<meta property=\"og:type\" content=\"article\" \/>\n<meta property=\"og:title\" content=\"Impressum - Sonnenallee\" \/>\n<meta property=\"og:description\" content=\"SMA Solar Technology AGSonnenallee 134266 NiestetalGermany Telefon: +49 561 95 22-0 info@SMA.dewww.SMA.de Managing Board:Dr.-Ing. J\u00fcrgen Reinert (Chairman of the Managing Board)Olaf HeydenDr. Kaveh Rouhi Shareholder Representatives:Constanze HufenbecherUwe Kleinkauf (Deputy Chairman)Dr. Ralph L\u00e4ssig (Chairman)Ilonka NussbaumerDr. Frank Possel-D\u00f6lkenJan-Henrik Supady Employee Representatives:Martin BreulOliver DietzelRomy SiegertLidia ThelemannDr. Matthias VictorJ\u00f6rg Wienand Register Court:District court Kassel, registration number: HRB 3972Value-added tax [&hellip;]\" \/>\n<meta property=\"og:url\" content=\"https:\/\/sonnenallee.sma.de\/en\/impressum\/\" \/>\n<meta property=\"og:site_name\" content=\"Sonnenallee\" \/>\n<meta property=\"article:modified_time\" content=\"2025-09-05T14:33:13+00:00\" \/>\n<meta property=\"og:image\" content=\"https:\/\/sonnenallee.sma.de\/wp-content\/uploads\/2019\/12\/SMA-Magazin-Sonnenallee_1200x630.jpg\" \/>\n\t<meta property=\"og:image:width\" content=\"1200\" \/>\n\t<meta property=\"og:image:height\" content=\"630\" \/>\n\t<meta property=\"og:image:type\" content=\"image\/jpeg\" \/>\n<meta name=\"twitter:card\" content=\"summary_large_image\" \/>\n<meta name=\"twitter:label1\" content=\"Est. reading time\" \/>\n\t<meta name=\"twitter:data1\" content=\"3 minutes\" \/>\n<script type=\"application\/ld+json\" class=\"yoast-schema-graph\">{\"@context\":\"https:\/\/schema.org\",\"@graph\":[{\"@type\":\"WebPage\",\"@id\":\"https:\/\/sonnenallee.sma.de\/en\/impressum\/\",\"url\":\"https:\/\/sonnenallee.sma.de\/en\/impressum\/\",\"name\":\"Impressum - Sonnenallee\",\"isPartOf\":{\"@id\":\"https:\/\/sonnenallee.sma.de\/en\/#website\"},\"datePublished\":\"2019-08-14T07:39:53+00:00\",\"dateModified\":\"2025-09-05T14:33:13+00:00\",\"breadcrumb\":{\"@id\":\"https:\/\/sonnenallee.sma.de\/en\/impressum\/#breadcrumb\"},\"inLanguage\":\"en-US\",\"potentialAction\":[{\"@type\":\"ReadAction\",\"target\":[\"https:\/\/sonnenallee.sma.de\/en\/impressum\/\"]}]},{\"@type\":\"BreadcrumbList\",\"@id\":\"https:\/\/sonnenallee.sma.de\/en\/impressum\/#breadcrumb\",\"itemListElement\":[{\"@type\":\"ListItem\",\"position\":1,\"name\":\"Startseite\",\"item\":\"https:\/\/sonnenallee.sma.de\/en\/\"},{\"@type\":\"ListItem\",\"position\":2,\"name\":\"Impressum\"}]},{\"@type\":\"WebSite\",\"@id\":\"https:\/\/sonnenallee.sma.de\/en\/#website\",\"url\":\"https:\/\/sonnenallee.sma.de\/en\/\",\"name\":\"Sonnenallee\",\"description\":\"\",\"potentialAction\":[{\"@type\":\"SearchAction\",\"target\":{\"@type\":\"EntryPoint\",\"urlTemplate\":\"https:\/\/sonnenallee.sma.de\/en\/?s={search_term_string}\"},\"query-input\":{\"@type\":\"PropertyValueSpecification\",\"valueRequired\":true,\"valueName\":\"search_term_string\"}}],\"inLanguage\":\"en-US\"}]}<\/script>\n<!-- \/ Yoast SEO plugin. -->","yoast_head_json":{"title":"Impressum - Sonnenallee","robots":{"index":"index","follow":"follow","max-snippet":"max-snippet:-1","max-image-preview":"max-image-preview:large","max-video-preview":"max-video-preview:-1"},"canonical":"https:\/\/sonnenallee.sma.de\/en\/impressum\/","og_locale":"en_US","og_type":"article","og_title":"Impressum - Sonnenallee","og_description":"SMA Solar Technology AGSonnenallee 134266 NiestetalGermany Telefon: +49 561 95 22-0 info@SMA.dewww.SMA.de Managing Board:Dr.-Ing. J\u00fcrgen Reinert (Chairman of the Managing Board)Olaf HeydenDr. Kaveh Rouhi Shareholder Representatives:Constanze HufenbecherUwe Kleinkauf (Deputy Chairman)Dr. Ralph L\u00e4ssig (Chairman)Ilonka NussbaumerDr. Frank Possel-D\u00f6lkenJan-Henrik Supady Employee Representatives:Martin BreulOliver DietzelRomy SiegertLidia ThelemannDr. Matthias VictorJ\u00f6rg Wienand Register Court:District court Kassel, registration number: HRB 3972Value-added tax [&hellip;]","og_url":"https:\/\/sonnenallee.sma.de\/en\/impressum\/","og_site_name":"Sonnenallee","article_modified_time":"2025-09-05T14:33:13+00:00","og_image":[{"width":1200,"height":630,"url":"https:\/\/sonnenallee.sma.de\/wp-content\/uploads\/2019\/12\/SMA-Magazin-Sonnenallee_1200x630.jpg","type":"image\/jpeg"}],"twitter_card":"summary_large_image","twitter_misc":{"Est. reading time":"3 minutes"},"schema":{"@context":"https:\/\/schema.org","@graph":[{"@type":"WebPage","@id":"https:\/\/sonnenallee.sma.de\/en\/impressum\/","url":"https:\/\/sonnenallee.sma.de\/en\/impressum\/","name":"Impressum - Sonnenallee","isPartOf":{"@id":"https:\/\/sonnenallee.sma.de\/en\/#website"},"datePublished":"2019-08-14T07:39:53+00:00","dateModified":"2025-09-05T14:33:13+00:00","breadcrumb":{"@id":"https:\/\/sonnenallee.sma.de\/en\/impressum\/#breadcrumb"},"inLanguage":"en-US","potentialAction":[{"@type":"ReadAction","target":["https:\/\/sonnenallee.sma.de\/en\/impressum\/"]}]},{"@type":"BreadcrumbList","@id":"https:\/\/sonnenallee.sma.de\/en\/impressum\/#breadcrumb","itemListElement":[{"@type":"ListItem","position":1,"name":"Startseite","item":"https:\/\/sonnenallee.sma.de\/en\/"},{"@type":"ListItem","position":2,"name":"Impressum"}]},{"@type":"WebSite","@id":"https:\/\/sonnenallee.sma.de\/en\/#website","url":"https:\/\/sonnenallee.sma.de\/en\/","name":"Sonnenallee","description":"","potentialAction":[{"@type":"SearchAction","target":{"@type":"EntryPoint","urlTemplate":"https:\/\/sonnenallee.sma.de\/en\/?s={search_term_string}"},"query-input":{"@type":"PropertyValueSpecification","valueRequired":true,"valueName":"search_term_string"}}],"inLanguage":"en-US"}]}},"_links":{"self":[{"href":"https:\/\/sonnenallee.sma.de\/en\/wp-json\/wp\/v2\/pages\/1339","targetHints":{"allow":["GET"]}}],"collection":[{"href":"https:\/\/sonnenallee.sma.de\/en\/wp-json\/wp\/v2\/pages"}],"about":[{"href":"https:\/\/sonnenallee.sma.de\/en\/wp-json\/wp\/v2\/types\/page"}],"author":[{"embeddable":true,"href":"https:\/\/sonnenallee.sma.de\/en\/wp-json\/wp\/v2\/users\/1"}],"replies":[{"embeddable":true,"href":"https:\/\/sonnenallee.sma.de\/en\/wp-json\/wp\/v2\/comments?post=1339"}],"version-history":[{"count":9,"href":"https:\/\/sonnenallee.sma.de\/en\/wp-json\/wp\/v2\/pages\/1339\/revisions"}],"predecessor-version":[{"id":16718,"href":"https:\/\/sonnenallee.sma.de\/en\/wp-json\/wp\/v2\/pages\/1339\/revisions\/16718"}],"wp:attachment":[{"href":"https:\/\/sonnenallee.sma.de\/en\/wp-json\/wp\/v2\/media?parent=1339"}],"curies":[{"name":"wp","href":"https:\/\/api.w.org\/{rel}","templated":true}]}}